{"id":5102,"date":"2022-09-09T07:12:50","date_gmt":"2022-09-09T07:12:50","guid":{"rendered":"https:\/\/demo.oceanthemes.site\/sandbox\/?page_id=5102"},"modified":"2024-03-15T10:26:19","modified_gmt":"2024-03-15T10:26:19","slug":"kalmo","status":"publish","type":"page","link":"https:\/\/kalmo.pl\/en\/kalmo\/","title":{"rendered":"About us"},"content":{"rendered":"<div data-elementor-type=\"wp-page\" data-elementor-id=\"5102\" class=\"elementor elementor-5102\">\n\t\t\t\t\t\t<section class=\"elementor-section elementor-top-section elementor-element elementor-element-85e2a71 elementor-section-boxed elementor-section-height-default elementor-section-height-default\" data-id=\"85e2a71\" data-element_type=\"section\" data-e-type=\"section\" data-settings=\"{&quot;background_background&quot;:&quot;gradient&quot;}\">\n\t\t\t\t\t\t<div class=\"elementor-container elementor-column-gap-default\">\n\t\t\t\t\t<div class=\"elementor-column elementor-col-100 elementor-top-column elementor-element elementor-element-67b125f\" data-id=\"67b125f\" data-element_type=\"column\" data-e-type=\"column\">\n\t\t\t<div class=\"elementor-widget-wrap elementor-element-populated\">\n\t\t\t\t\t\t<div class=\"elementor-element elementor-element-2b1229c elementor-widget elementor-widget-image\" data-id=\"2b1229c\" data-element_type=\"widget\" data-e-type=\"widget\" data-widget_type=\"image.default\">\n\t\t\t\t\t\t\t\t\t\t\t\t\t\t\t<img fetchpriority=\"high\" decoding=\"async\" width=\"1024\" height=\"439\" src=\"https:\/\/kalmo.pl\/wp-content\/uploads\/2024\/01\/picking-1-1024x439.jpg\" class=\"attachment-large size-large wp-image-16232\" alt=\"\" srcset=\"https:\/\/kalmo.pl\/wp-content\/uploads\/2024\/01\/picking-1-1024x439.jpg 1024w, https:\/\/kalmo.pl\/wp-content\/uploads\/2024\/01\/picking-1-300x129.jpg 300w, https:\/\/kalmo.pl\/wp-content\/uploads\/2024\/01\/picking-1-768x329.jpg 768w, https:\/\/kalmo.pl\/wp-content\/uploads\/2024\/01\/picking-1-1536x658.jpg 1536w, https:\/\/kalmo.pl\/wp-content\/uploads\/2024\/01\/picking-1-2048x878.jpg 2048w\" sizes=\"(max-width: 1024px) 100vw, 1024px\" \/>\t\t\t\t\t\t\t\t\t\t\t\t\t\t\t<\/div>\n\t\t\t\t\t<\/div>\n\t\t<\/div>\n\t\t\t\t\t<\/div>\n\t\t<\/section>\n\t\t\t\t<section class=\"elementor-section elementor-top-section elementor-element elementor-element-81c1100 elementor-section-boxed elementor-section-height-default elementor-section-height-default\" data-id=\"81c1100\" data-element_type=\"section\" data-e-type=\"section\" data-settings=\"{&quot;background_background&quot;:&quot;classic&quot;}\">\n\t\t\t\t\t\t<div class=\"elementor-container elementor-column-gap-default\">\n\t\t\t\t\t<div class=\"elementor-column elementor-col-100 elementor-top-column elementor-element elementor-element-162d546\" data-id=\"162d546\" data-element_type=\"column\" data-e-type=\"column\">\n\t\t\t<div class=\"elementor-widget-wrap elementor-element-populated\">\n\t\t\t\t\t\t<section class=\"elementor-section elementor-inner-section elementor-element elementor-element-e5bb5fb elementor-section-content-middle elementor-reverse-tablet elementor-reverse-mobile elementor-section-boxed elementor-section-height-default elementor-section-height-default\" data-id=\"e5bb5fb\" data-element_type=\"section\" data-e-type=\"section\">\n\t\t\t\t\t\t<div class=\"elementor-container elementor-column-gap-default\">\n\t\t\t\t\t<div class=\"elementor-column elementor-col-100 elementor-inner-column elementor-element elementor-element-c5851b3\" data-id=\"c5851b3\" data-element_type=\"column\" data-e-type=\"column\">\n\t\t\t<div class=\"elementor-widget-wrap elementor-element-populated\">\n\t\t\t\t\t\t<div class=\"elementor-element elementor-element-8bfca0f elementor-widget elementor-widget-heading\" data-id=\"8bfca0f\" data-element_type=\"widget\" data-e-type=\"widget\" data-widget_type=\"heading.default\">\n\t\t\t\t\t<h3 class=\"elementor-heading-title elementor-size-default\">About us <\/h3>\t\t\t\t<\/div>\n\t\t\t\t<div class=\"elementor-element elementor-element-07a23f4 elementor-widget elementor-widget-text-editor\" data-id=\"07a23f4\" data-element_type=\"widget\" data-e-type=\"widget\" data-widget_type=\"text-editor.default\">\n\t\t\t\t\t\t\t\t\t<p>For 25 years, Kalmo has been synonymous with quality and innovation in the production of rigid box packaging and puzzles.\nOur history represents a quarter-century of continuous improvement, technological development, and trust built with our clients.<\/p><p><strong>Modern Machinery and Premium Materials<\/strong><br \/>We take pride in our modern production facilities,\nwhich allow us to deliver even the most complex projects with exceptional precision.\nCommitted to environmental responsibility, we use only EU-sourced materials certified by FSC.\nThis ensures that our products meet the highest standards of quality while remaining environmentally responsible.<\/p><p><strong>Global-Scale Production<\/strong><br \/>Each year, more than 7 million packaging units leave our production lines,\ndemonstrating our ability to handle large-scale projects.\nOur efficiency and attention to detail make us a trusted partner for leading brands in Poland and across international markets.<\/p><p><strong>Reliable Logistics and In-House Transport Fleet<\/strong><br \/>We understand the importance of timely and secure delivery.\nThat is why we have invested in our own fleet of transport vehicles, ensuring full control over the logistics process and the highest level of service for our clients.<\/p><p><strong>Partnership and Trust<\/strong><br \/>At Kalmo, we believe that our clients\u2019 success is also our success.\nThat is why we focus on long-term partnerships, offering not only products but also expert support and guidance at every stage of cooperation.<\/p><p>We invite you to contact us and explore potential cooperation.\nTogether, we can create exceptional products that help your brand stand out in the market.<\/p>\t\t\t\t\t\t\t\t<\/div>\n\t\t\t\t\t<\/div>\n\t\t<\/div>\n\t\t\t\t\t<\/div>\n\t\t<\/section>\n\t\t\t\t\t<\/div>\n\t\t<\/div>\n\t\t\t\t\t<\/div>\n\t\t<\/section>\n\t\t<div class=\"elementor-element elementor-element-4b79199 e-flex e-con-boxed e-con e-parent\" data-id=\"4b79199\" data-element_type=\"container\" data-e-type=\"container\">\n\t\t\t\t\t<div class=\"e-con-inner\">\n\t\t\t\t<div class=\"elementor-element elementor-element-8b7d4a6 elementor-widget elementor-widget-ot-clients-slider\" data-id=\"8b7d4a6\" data-element_type=\"widget\" data-e-type=\"widget\" data-widget_type=\"ot-clients-slider.default\">\n\t\t\t\t<div class=\"elementor-widget-container\">\n\t\t\t\t\t\t\t<div class=\"ot-carousel ot-clients-carousel\" data-slider_options=\"{&quot;slides_show_desktop&quot;:6,&quot;slides_show_laptop&quot;:6,&quot;slides_show_tablet_extra&quot;:6,&quot;slides_show_tablet&quot;:6,&quot;slides_show_mobile_extra&quot;:6,&quot;slides_show_mobile&quot;:6,&quot;margin_desktop&quot;:30,&quot;margin_laptop&quot;:30,&quot;margin_tablet_extra&quot;:30,&quot;margin_tablet&quot;:30,&quot;margin_mobile_extra&quot;:30,&quot;margin_mobile&quot;:30,&quot;autoplay&quot;:&quot;no&quot;,&quot;autoplay_time_out&quot;:5000,&quot;loop&quot;:&quot;no&quot;,&quot;arrows&quot;:false,&quot;dots&quot;:false}\">\r\n\t\t\t<div class=\"owl-carousel owl-theme\">\r\n\r\n\t\t\t<a class=\"client_link\" href=\"#\"><span class=\"client-logo\"><img decoding=\"async\" width=\"800\" height=\"600\" src=\"https:\/\/kalmo.pl\/wp-content\/uploads\/2024\/03\/Projekt-bez-nazwy-4.png\" class=\"attachment-full size-full\" alt=\"\" \/><\/span><\/a><a class=\"client_link\" href=\"#\"><span class=\"client-logo\"><img decoding=\"async\" width=\"800\" height=\"600\" src=\"https:\/\/kalmo.pl\/wp-content\/uploads\/2024\/03\/Projekt-bez-nazwy-5.png\" class=\"attachment-full size-full\" alt=\"\" \/><\/span><\/a><a class=\"client_link\" href=\"#\"><span class=\"client-logo\"><img loading=\"lazy\" decoding=\"async\" width=\"800\" height=\"600\" src=\"https:\/\/kalmo.pl\/wp-content\/uploads\/2024\/03\/Projekt-bez-nazwy-7.png\" class=\"attachment-full size-full\" alt=\"\" \/><\/span><\/a><a class=\"client_link\" href=\"#\"><span class=\"client-logo\"><img loading=\"lazy\" decoding=\"async\" width=\"800\" height=\"600\" src=\"https:\/\/kalmo.pl\/wp-content\/uploads\/2024\/03\/Projekt-bez-nazwy-8.png\" class=\"attachment-full size-full\" alt=\"\" \/><\/span><\/a><a class=\"client_link\" href=\"#\"><span class=\"client-logo\"><img loading=\"lazy\" decoding=\"async\" width=\"800\" height=\"600\" src=\"https:\/\/kalmo.pl\/wp-content\/uploads\/2024\/03\/Projekt-bez-nazwy-9.png\" class=\"attachment-full size-full\" alt=\"\" \/><\/span><\/a><a class=\"client_link\" href=\"#\"><span class=\"client-logo\"><img loading=\"lazy\" decoding=\"async\" width=\"800\" height=\"600\" src=\"https:\/\/kalmo.pl\/wp-content\/uploads\/2024\/03\/Projekt-bez-nazwy-10.png\" class=\"attachment-full size-full\" alt=\"\" \/><\/span><\/a>\r\n\t\t\t<\/div>\r\n\t    <\/div>\r\n\t\t\t\t\t\t<\/div>\n\t\t\t\t<\/div>\n\t\t\t\t\t<\/div>\n\t\t\t\t<\/div>\n\t\t\t\t<\/div>","protected":false},"excerpt":{"rendered":"<p>O nas Nasza firma Kalmo od 25 lat jest synonimem jako\u015bci i innowacyjno\u015bci w produkcji opakowa\u0144 rigid box oraz puzzli. Nasza historia to kwarta\u0142 wieku doskonalenia umiej\u0119tno\u015bci, rozwijania technologii i budowania zaufania w\u015br\u00f3d naszych klient\u00f3w. Nowoczesny Park Maszynowy i Materia\u0142y Najwy\u017cszej Jako\u015bciDum\u0105 naszej firmy jest nowoczesny park maszynowy, kt\u00f3ry umo\u017cliwia nam realizacj\u0119 nawet najbardziej skomplikowanych [&hellip;]<\/p>\n","protected":false},"author":1,"featured_media":0,"parent":0,"menu_order":0,"comment_status":"closed","ping_status":"closed","template":"","meta":{"footnotes":""},"class_list":["post-5102","page","type-page","status-publish","hentry"],"yoast_head":"<!-- This site is optimized with the Yoast SEO plugin v27.6 - https:\/\/yoast.com\/product\/yoast-seo-wordpress\/ -->\n<title>O nas - Kalmo<\/title>\n<meta name=\"description\" content=\"Odkryj Kalmo, lidera w produkcji opakowa\u0144 rigid box i puzzli z 25-letnim do\u015bwiadczeniem. Dzi\u0119ki nowoczesnemu parkowi maszynowemu, materia\u0142om najwy\u017cszej jako\u015bci z certyfikatem FSC i globalnej produkcji, dostarczamy ponad 7 milion\u00f3w opakowa\u0144 rocznie. Nasza w\u0142asna flota samochod\u00f3w ci\u0119\u017carowych gwarantuje niezawodn\u0105 logistyk\u0119. W Kalmo stawiamy na d\u0142ugotrwa\u0142e partnerstwo i wspieramy naszych klient\u00f3w na ka\u017cdym etapie wsp\u00f3\u0142pracy. Do\u0142\u0105cz do nas i wyr\u00f3\u017cnij swoj\u0105 mark\u0119 na rynku\u200b\" \/>\n<meta name=\"robots\" content=\"index, follow, max-snippet:-1, max-image-preview:large, max-video-preview:-1\" \/>\n<link rel=\"canonical\" href=\"https:\/\/kalmo.pl\/en\/kalmo\/\" \/>\n<meta property=\"og:locale\" content=\"en_GB\" \/>\n<meta property=\"og:type\" content=\"article\" \/>\n<meta property=\"og:title\" content=\"O nas - Kalmo\" \/>\n<meta property=\"og:description\" content=\"Odkryj Kalmo, lidera w produkcji opakowa\u0144 rigid box i puzzli z 25-letnim do\u015bwiadczeniem. Dzi\u0119ki nowoczesnemu parkowi maszynowemu, materia\u0142om najwy\u017cszej jako\u015bci z certyfikatem FSC i globalnej produkcji, dostarczamy ponad 7 milion\u00f3w opakowa\u0144 rocznie. Nasza w\u0142asna flota samochod\u00f3w ci\u0119\u017carowych gwarantuje niezawodn\u0105 logistyk\u0119. W Kalmo stawiamy na d\u0142ugotrwa\u0142e partnerstwo i wspieramy naszych klient\u00f3w na ka\u017cdym etapie wsp\u00f3\u0142pracy. Do\u0142\u0105cz do nas i wyr\u00f3\u017cnij swoj\u0105 mark\u0119 na rynku\u200b\" \/>\n<meta property=\"og:url\" content=\"https:\/\/kalmo.pl\/en\/kalmo\/\" \/>\n<meta property=\"og:site_name\" content=\"Kalmo\" \/>\n<meta property=\"article:publisher\" content=\"https:\/\/www.facebook.com\/profile.php?id=61554985990341\" \/>\n<meta property=\"article:modified_time\" content=\"2024-03-15T10:26:19+00:00\" \/>\n<meta property=\"og:image\" content=\"https:\/\/kalmo.pl\/wp-content\/uploads\/2024\/01\/picking-1-1024x439.jpg\" \/>\n<meta name=\"twitter:card\" content=\"summary_large_image\" \/>\n<meta name=\"twitter:label1\" content=\"Estimated reading time\" \/>\n\t<meta name=\"twitter:data1\" content=\"3 minutes\" \/>\n<script type=\"application\/ld+json\" class=\"yoast-schema-graph\">{\"@context\":\"https:\\\/\\\/schema.org\",\"@graph\":[{\"@type\":\"WebPage\",\"@id\":\"https:\\\/\\\/kalmo.pl\\\/kalmo\\\/\",\"url\":\"https:\\\/\\\/kalmo.pl\\\/kalmo\\\/\",\"name\":\"O nas - Kalmo\",\"isPartOf\":{\"@id\":\"https:\\\/\\\/kalmo.pl\\\/#website\"},\"primaryImageOfPage\":{\"@id\":\"https:\\\/\\\/kalmo.pl\\\/kalmo\\\/#primaryimage\"},\"image\":{\"@id\":\"https:\\\/\\\/kalmo.pl\\\/kalmo\\\/#primaryimage\"},\"thumbnailUrl\":\"https:\\\/\\\/kalmo.pl\\\/wp-content\\\/uploads\\\/2024\\\/01\\\/picking-1-1024x439.jpg\",\"datePublished\":\"2022-09-09T07:12:50+00:00\",\"dateModified\":\"2024-03-15T10:26:19+00:00\",\"description\":\"Odkryj Kalmo, lidera w produkcji opakowa\u0144 rigid box i puzzli z 25-letnim do\u015bwiadczeniem. Dzi\u0119ki nowoczesnemu parkowi maszynowemu, materia\u0142om najwy\u017cszej jako\u015bci z certyfikatem FSC i globalnej produkcji, dostarczamy ponad 7 milion\u00f3w opakowa\u0144 rocznie. Nasza w\u0142asna flota samochod\u00f3w ci\u0119\u017carowych gwarantuje niezawodn\u0105 logistyk\u0119. W Kalmo stawiamy na d\u0142ugotrwa\u0142e partnerstwo i wspieramy naszych klient\u00f3w na ka\u017cdym etapie wsp\u00f3\u0142pracy. Do\u0142\u0105cz do nas i wyr\u00f3\u017cnij swoj\u0105 mark\u0119 na rynku\u200b\",\"breadcrumb\":{\"@id\":\"https:\\\/\\\/kalmo.pl\\\/kalmo\\\/#breadcrumb\"},\"inLanguage\":\"en-GB\",\"potentialAction\":[{\"@type\":\"ReadAction\",\"target\":[\"https:\\\/\\\/kalmo.pl\\\/kalmo\\\/\"]}]},{\"@type\":\"ImageObject\",\"inLanguage\":\"en-GB\",\"@id\":\"https:\\\/\\\/kalmo.pl\\\/kalmo\\\/#primaryimage\",\"url\":\"https:\\\/\\\/kalmo.pl\\\/wp-content\\\/uploads\\\/2024\\\/01\\\/picking-1-1024x439.jpg\",\"contentUrl\":\"https:\\\/\\\/kalmo.pl\\\/wp-content\\\/uploads\\\/2024\\\/01\\\/picking-1-1024x439.jpg\"},{\"@type\":\"BreadcrumbList\",\"@id\":\"https:\\\/\\\/kalmo.pl\\\/kalmo\\\/#breadcrumb\",\"itemListElement\":[{\"@type\":\"ListItem\",\"position\":1,\"name\":\"Strona g\u0142\u00f3wna\",\"item\":\"https:\\\/\\\/kalmo.pl\\\/\"},{\"@type\":\"ListItem\",\"position\":2,\"name\":\"O nas\"}]},{\"@type\":\"WebSite\",\"@id\":\"https:\\\/\\\/kalmo.pl\\\/#website\",\"url\":\"https:\\\/\\\/kalmo.pl\\\/\",\"name\":\"Kalmo\",\"description\":\"Producent opakowa\u0144 Rigid box oraz puzzli\",\"publisher\":{\"@id\":\"https:\\\/\\\/kalmo.pl\\\/#organization\"},\"potentialAction\":[{\"@type\":\"SearchAction\",\"target\":{\"@type\":\"EntryPoint\",\"urlTemplate\":\"https:\\\/\\\/kalmo.pl\\\/?s={search_term_string}\"},\"query-input\":{\"@type\":\"PropertyValueSpecification\",\"valueRequired\":true,\"valueName\":\"search_term_string\"}}],\"inLanguage\":\"en-GB\"},{\"@type\":\"Organization\",\"@id\":\"https:\\\/\\\/kalmo.pl\\\/#organization\",\"name\":\"Kalmo\",\"url\":\"https:\\\/\\\/kalmo.pl\\\/\",\"logo\":{\"@type\":\"ImageObject\",\"inLanguage\":\"en-GB\",\"@id\":\"https:\\\/\\\/kalmo.pl\\\/#\\\/schema\\\/logo\\\/image\\\/\",\"url\":\"https:\\\/\\\/kalmo.pl\\\/wp-content\\\/uploads\\\/2024\\\/01\\\/Kalmo-Logo-bez-tla.png\",\"contentUrl\":\"https:\\\/\\\/kalmo.pl\\\/wp-content\\\/uploads\\\/2024\\\/01\\\/Kalmo-Logo-bez-tla.png\",\"width\":622,\"height\":214,\"caption\":\"Kalmo\"},\"image\":{\"@id\":\"https:\\\/\\\/kalmo.pl\\\/#\\\/schema\\\/logo\\\/image\\\/\"},\"sameAs\":[\"https:\\\/\\\/www.facebook.com\\\/profile.php?id=61554985990341\",\"https:\\\/\\\/www.linkedin.com\\\/company\\\/kalmo-boxes-puzzels\",\"https:\\\/\\\/www.instagram.com\\\/kalmo_opakowania_puzzle\"]}]}<\/script>\n<!-- \/ Yoast SEO plugin. -->","yoast_head_json":{"title":"O nas - Kalmo","description":"Odkryj Kalmo, lidera w produkcji opakowa\u0144 rigid box i puzzli z 25-letnim do\u015bwiadczeniem. Dzi\u0119ki nowoczesnemu parkowi maszynowemu, materia\u0142om najwy\u017cszej jako\u015bci z certyfikatem FSC i globalnej produkcji, dostarczamy ponad 7 milion\u00f3w opakowa\u0144 rocznie. Nasza w\u0142asna flota samochod\u00f3w ci\u0119\u017carowych gwarantuje niezawodn\u0105 logistyk\u0119. W Kalmo stawiamy na d\u0142ugotrwa\u0142e partnerstwo i wspieramy naszych klient\u00f3w na ka\u017cdym etapie wsp\u00f3\u0142pracy. Do\u0142\u0105cz do nas i wyr\u00f3\u017cnij swoj\u0105 mark\u0119 na rynku\u200b","robots":{"index":"index","follow":"follow","max-snippet":"max-snippet:-1","max-image-preview":"max-image-preview:large","max-video-preview":"max-video-preview:-1"},"canonical":"https:\/\/kalmo.pl\/en\/kalmo\/","og_locale":"en_GB","og_type":"article","og_title":"O nas - Kalmo","og_description":"Odkryj Kalmo, lidera w produkcji opakowa\u0144 rigid box i puzzli z 25-letnim do\u015bwiadczeniem. Dzi\u0119ki nowoczesnemu parkowi maszynowemu, materia\u0142om najwy\u017cszej jako\u015bci z certyfikatem FSC i globalnej produkcji, dostarczamy ponad 7 milion\u00f3w opakowa\u0144 rocznie. Nasza w\u0142asna flota samochod\u00f3w ci\u0119\u017carowych gwarantuje niezawodn\u0105 logistyk\u0119. W Kalmo stawiamy na d\u0142ugotrwa\u0142e partnerstwo i wspieramy naszych klient\u00f3w na ka\u017cdym etapie wsp\u00f3\u0142pracy. Do\u0142\u0105cz do nas i wyr\u00f3\u017cnij swoj\u0105 mark\u0119 na rynku\u200b","og_url":"https:\/\/kalmo.pl\/en\/kalmo\/","og_site_name":"Kalmo","article_publisher":"https:\/\/www.facebook.com\/profile.php?id=61554985990341","article_modified_time":"2024-03-15T10:26:19+00:00","og_image":[{"url":"https:\/\/kalmo.pl\/wp-content\/uploads\/2024\/01\/picking-1-1024x439.jpg","type":"","width":"","height":""}],"twitter_card":"summary_large_image","twitter_misc":{"Estimated reading time":"3 minutes"},"schema":{"@context":"https:\/\/schema.org","@graph":[{"@type":"WebPage","@id":"https:\/\/kalmo.pl\/kalmo\/","url":"https:\/\/kalmo.pl\/kalmo\/","name":"O nas - Kalmo","isPartOf":{"@id":"https:\/\/kalmo.pl\/#website"},"primaryImageOfPage":{"@id":"https:\/\/kalmo.pl\/kalmo\/#primaryimage"},"image":{"@id":"https:\/\/kalmo.pl\/kalmo\/#primaryimage"},"thumbnailUrl":"https:\/\/kalmo.pl\/wp-content\/uploads\/2024\/01\/picking-1-1024x439.jpg","datePublished":"2022-09-09T07:12:50+00:00","dateModified":"2024-03-15T10:26:19+00:00","description":"Odkryj Kalmo, lidera w produkcji opakowa\u0144 rigid box i puzzli z 25-letnim do\u015bwiadczeniem. Dzi\u0119ki nowoczesnemu parkowi maszynowemu, materia\u0142om najwy\u017cszej jako\u015bci z certyfikatem FSC i globalnej produkcji, dostarczamy ponad 7 milion\u00f3w opakowa\u0144 rocznie. Nasza w\u0142asna flota samochod\u00f3w ci\u0119\u017carowych gwarantuje niezawodn\u0105 logistyk\u0119. W Kalmo stawiamy na d\u0142ugotrwa\u0142e partnerstwo i wspieramy naszych klient\u00f3w na ka\u017cdym etapie wsp\u00f3\u0142pracy. Do\u0142\u0105cz do nas i wyr\u00f3\u017cnij swoj\u0105 mark\u0119 na rynku\u200b","breadcrumb":{"@id":"https:\/\/kalmo.pl\/kalmo\/#breadcrumb"},"inLanguage":"en-GB","potentialAction":[{"@type":"ReadAction","target":["https:\/\/kalmo.pl\/kalmo\/"]}]},{"@type":"ImageObject","inLanguage":"en-GB","@id":"https:\/\/kalmo.pl\/kalmo\/#primaryimage","url":"https:\/\/kalmo.pl\/wp-content\/uploads\/2024\/01\/picking-1-1024x439.jpg","contentUrl":"https:\/\/kalmo.pl\/wp-content\/uploads\/2024\/01\/picking-1-1024x439.jpg"},{"@type":"BreadcrumbList","@id":"https:\/\/kalmo.pl\/kalmo\/#breadcrumb","itemListElement":[{"@type":"ListItem","position":1,"name":"Strona g\u0142\u00f3wna","item":"https:\/\/kalmo.pl\/"},{"@type":"ListItem","position":2,"name":"O nas"}]},{"@type":"WebSite","@id":"https:\/\/kalmo.pl\/#website","url":"https:\/\/kalmo.pl\/","name":"Kalmo","description":"Producent opakowa\u0144 Rigid box oraz puzzli","publisher":{"@id":"https:\/\/kalmo.pl\/#organization"},"potentialAction":[{"@type":"SearchAction","target":{"@type":"EntryPoint","urlTemplate":"https:\/\/kalmo.pl\/?s={search_term_string}"},"query-input":{"@type":"PropertyValueSpecification","valueRequired":true,"valueName":"search_term_string"}}],"inLanguage":"en-GB"},{"@type":"Organization","@id":"https:\/\/kalmo.pl\/#organization","name":"Kalmo","url":"https:\/\/kalmo.pl\/","logo":{"@type":"ImageObject","inLanguage":"en-GB","@id":"https:\/\/kalmo.pl\/#\/schema\/logo\/image\/","url":"https:\/\/kalmo.pl\/wp-content\/uploads\/2024\/01\/Kalmo-Logo-bez-tla.png","contentUrl":"https:\/\/kalmo.pl\/wp-content\/uploads\/2024\/01\/Kalmo-Logo-bez-tla.png","width":622,"height":214,"caption":"Kalmo"},"image":{"@id":"https:\/\/kalmo.pl\/#\/schema\/logo\/image\/"},"sameAs":["https:\/\/www.facebook.com\/profile.php?id=61554985990341","https:\/\/www.linkedin.com\/company\/kalmo-boxes-puzzels","https:\/\/www.instagram.com\/kalmo_opakowania_puzzle"]}]}},"_links":{"self":[{"href":"https:\/\/kalmo.pl\/en\/wp-json\/wp\/v2\/pages\/5102","targetHints":{"allow":["GET"]}}],"collection":[{"href":"https:\/\/kalmo.pl\/en\/wp-json\/wp\/v2\/pages"}],"about":[{"href":"https:\/\/kalmo.pl\/en\/wp-json\/wp\/v2\/types\/page"}],"author":[{"embeddable":true,"href":"https:\/\/kalmo.pl\/en\/wp-json\/wp\/v2\/users\/1"}],"replies":[{"embeddable":true,"href":"https:\/\/kalmo.pl\/en\/wp-json\/wp\/v2\/comments?post=5102"}],"version-history":[{"count":14,"href":"https:\/\/kalmo.pl\/en\/wp-json\/wp\/v2\/pages\/5102\/revisions"}],"predecessor-version":[{"id":16763,"href":"https:\/\/kalmo.pl\/en\/wp-json\/wp\/v2\/pages\/5102\/revisions\/16763"}],"wp:attachment":[{"href":"https:\/\/kalmo.pl\/en\/wp-json\/wp\/v2\/media?parent=5102"}],"curies":[{"name":"wp","href":"https:\/\/api.w.org\/{rel}","templated":true}]}}