{"id":2415,"date":"2022-09-05T08:12:36","date_gmt":"2022-09-05T08:12:36","guid":{"rendered":"https:\/\/demo.oceanthemes.site\/sandbox\/?page_id=2415"},"modified":"2024-06-20T08:13:34","modified_gmt":"2024-06-20T08:13:34","slug":"kontakt","status":"publish","type":"page","link":"https:\/\/kalmo.pl\/en\/kontakt\/","title":{"rendered":"Contact Us"},"content":{"rendered":"<div data-elementor-type=\"wp-page\" data-elementor-id=\"2415\" class=\"elementor elementor-2415\">\n\t\t\t\t\t\t<section class=\"elementor-section elementor-top-section elementor-element elementor-element-6939de6 elementor-section-boxed elementor-section-height-default elementor-section-height-default\" data-id=\"6939de6\" data-element_type=\"section\" data-e-type=\"section\" data-settings=\"{&quot;background_background&quot;:&quot;gradient&quot;,&quot;shape_divider_bottom&quot;:&quot;tilt&quot;}\">\n\t\t\t\t\t<div class=\"elementor-shape elementor-shape-bottom\" aria-hidden=\"true\" data-negative=\"false\">\n\t\t\t<svg xmlns=\"http:\/\/www.w3.org\/2000\/svg\" viewbox=\"0 0 1000 100\" preserveaspectratio=\"none\">\n\t<path class=\"elementor-shape-fill\" d=\"M0,6V0h1000v100L0,6z\"\/>\n<\/svg>\t\t<\/div>\n\t\t\t\t\t<div class=\"elementor-container elementor-column-gap-extended\">\n\t\t\t\t\t<div class=\"elementor-column elementor-col-100 elementor-top-column elementor-element elementor-element-26a6cb6\" data-id=\"26a6cb6\" data-element_type=\"column\" data-e-type=\"column\">\n\t\t\t<div class=\"elementor-widget-wrap\">\n\t\t\t\t\t\t\t<\/div>\n\t\t<\/div>\n\t\t\t\t\t<\/div>\n\t\t<\/section>\n\t\t\t\t<section class=\"elementor-section elementor-top-section elementor-element elementor-element-80b2b85 elementor-section-boxed elementor-section-height-default elementor-section-height-default\" data-id=\"80b2b85\" data-element_type=\"section\" data-e-type=\"section\">\n\t\t\t\t\t\t<div class=\"elementor-container elementor-column-gap-extended\">\n\t\t\t\t\t<div class=\"elementor-column elementor-col-33 elementor-top-column elementor-element elementor-element-7291f8b\" data-id=\"7291f8b\" data-element_type=\"column\" data-e-type=\"column\">\n\t\t\t<div class=\"elementor-widget-wrap\">\n\t\t\t\t\t\t\t<\/div>\n\t\t<\/div>\n\t\t\t\t<div class=\"elementor-column elementor-col-33 elementor-top-column elementor-element elementor-element-4b1b79c\" data-id=\"4b1b79c\" data-element_type=\"column\" data-e-type=\"column\">\n\t\t\t<div class=\"elementor-widget-wrap elementor-element-populated\">\n\t\t\t\t\t\t<div class=\"elementor-element elementor-element-af8206e elementor-widget elementor-widget-heading\" data-id=\"af8206e\" data-element_type=\"widget\" data-e-type=\"widget\" data-widget_type=\"heading.default\">\n\t\t\t\t\t<h2 class=\"elementor-heading-title elementor-size-default\">Contact Us<\/h2>\t\t\t\t<\/div>\n\t\t\t\t<div class=\"elementor-element elementor-element-981f534 elementor-widget elementor-widget-shortcode\" data-id=\"981f534\" data-element_type=\"widget\" data-e-type=\"widget\" data-widget_type=\"shortcode.default\">\n\t\t\t\t\t\t\t<div class=\"elementor-shortcode\">\n<div class=\"wpcf7 no-js\" id=\"wpcf7-f2414-o1\" lang=\"en-US\" dir=\"ltr\" data-wpcf7-id=\"2414\">\n<div class=\"screen-reader-response\"><p role=\"status\" aria-live=\"polite\" aria-atomic=\"true\"><\/p> <ul><\/ul><\/div>\n<form action=\"\/en\/wp-json\/wp\/v2\/pages\/2415#wpcf7-f2414-o1\" method=\"post\" class=\"wpcf7-form init\" aria-label=\"Contact form\" novalidate=\"novalidate\" data-status=\"init\" data-trp-original-action=\"\/en\/wp-json\/wp\/v2\/pages\/2415#wpcf7-f2414-o1\">\n<fieldset class=\"hidden-fields-container\"><input type=\"hidden\" name=\"_wpcf7\" value=\"2414\" \/><input type=\"hidden\" name=\"_wpcf7_version\" value=\"6.1.6\" \/><input type=\"hidden\" name=\"_wpcf7_locale\" value=\"en_US\" \/><input type=\"hidden\" name=\"_wpcf7_unit_tag\" value=\"wpcf7-f2414-o1\" \/><input type=\"hidden\" name=\"_wpcf7_container_post\" value=\"0\" \/><input type=\"hidden\" name=\"_wpcf7_posted_data_hash\" value=\"\" \/><input type=\"hidden\" name=\"_wpcf7_recaptcha_response\" value=\"\" \/>\n<\/fieldset>\n<div class=\"row gap-20\">\n\t<div class=\"col-md-6\">\n\t\t<div class=\"form-floating\">\n\t\t\t<p><input size=\"40\" maxlength=\"400\" class=\"wpcf7-form-control wpcf7-text wpcf7-validates-as-required form-control\" aria-required=\"true\" aria-invalid=\"false\" placeholder=\"Your Name *\" value=\"\" type=\"text\" name=\"your-fname\" \/>\n\t\t\t<\/p>\n\t\t<\/div>\n\t<\/div>\n\t<div class=\"col-md-6\">\n\t\t<div class=\"form-floating\">\n\t\t\t<p><input size=\"40\" maxlength=\"400\" class=\"wpcf7-form-control wpcf7-text wpcf7-validates-as-required form-control\" aria-required=\"true\" aria-invalid=\"false\" placeholder=\"Company Name *\" value=\"\" type=\"text\" name=\"your-lname\" \/>\n\t\t\t<\/p>\n\t\t<\/div>\n\t<\/div>\n<\/div>\n<div class=\"row gap-20\">\n\t<div class=\"col-md-6\">\n\t\t<div class=\"form-floating\">\n\t\t\t<p><input size=\"40\" maxlength=\"400\" class=\"wpcf7-form-control wpcf7-email wpcf7-validates-as-required wpcf7-text wpcf7-validates-as-email form-control\" aria-required=\"true\" aria-invalid=\"false\" placeholder=\"Email *\" value=\"\" type=\"email\" name=\"your-email\" \/>\n\t\t\t<\/p>\n\t\t<\/div>\n\t<\/div>\n\t<div class=\"col-md-6\">\n\t<\/div>\n<\/div>\n<div class=\"form-floating h150\">\n\t<p><textarea cols=\"40\" rows=\"10\" maxlength=\"2000\" class=\"wpcf7-form-control wpcf7-textarea form-control\" aria-invalid=\"false\" placeholder=\"Message *\" name=\"your-message\"><\/textarea>\n\t<\/p>\n<\/div>\n<p class=\"text-center\">\n<input class=\"wpcf7-form-control wpcf7-submit has-spinner octf-btn\" type=\"submit\" value=\"Send Message\" \/>\n<\/p><div class=\"wpcf7-response-output\" aria-hidden=\"true\"><\/div>\n<input type=\"hidden\" name=\"trp-form-language\" value=\"en\"\/><\/form>\n<\/div>\n<\/div>\n\t\t\t\t\t\t<\/div>\n\t\t\t\t\t<\/div>\n\t\t<\/div>\n\t\t\t\t<div class=\"elementor-column elementor-col-33 elementor-top-column elementor-element elementor-element-1c38e72\" data-id=\"1c38e72\" data-element_type=\"column\" data-e-type=\"column\">\n\t\t\t<div class=\"elementor-widget-wrap\">\n\t\t\t\t\t\t\t<\/div>\n\t\t<\/div>\n\t\t\t\t\t<\/div>\n\t\t<\/section>\n\t\t\t\t<section class=\"elementor-section elementor-top-section elementor-element elementor-element-b4ba19f elementor-section-boxed elementor-section-height-default elementor-section-height-default\" data-id=\"b4ba19f\" data-element_type=\"section\" data-e-type=\"section\" data-settings=\"{&quot;background_background&quot;:&quot;classic&quot;}\">\n\t\t\t\t\t\t<div class=\"elementor-container elementor-column-gap-default\">\n\t\t\t\t\t<div class=\"elementor-column elementor-col-33 elementor-top-column elementor-element elementor-element-a9f32f4\" data-id=\"a9f32f4\" data-element_type=\"column\" data-e-type=\"column\">\n\t\t\t<div class=\"elementor-widget-wrap\">\n\t\t\t\t\t\t\t<\/div>\n\t\t<\/div>\n\t\t\t\t<div class=\"elementor-column elementor-col-33 elementor-top-column elementor-element elementor-element-4345525\" data-id=\"4345525\" data-element_type=\"column\" data-e-type=\"column\">\n\t\t\t<div class=\"elementor-widget-wrap elementor-element-populated\">\n\t\t\t\t\t\t<section class=\"elementor-section elementor-inner-section elementor-element elementor-element-a72a862 elementor-section-content-middle elementor-section-boxed elementor-section-height-default elementor-section-height-default\" data-id=\"a72a862\" data-element_type=\"section\" data-e-type=\"section\">\n\t\t\t\t\t\t<div class=\"elementor-container elementor-column-gap-no\">\n\t\t\t\t\t<div class=\"elementor-column elementor-col-50 elementor-inner-column elementor-element elementor-element-f4b26d4\" data-id=\"f4b26d4\" data-element_type=\"column\" data-e-type=\"column\">\n\t\t\t<div class=\"elementor-widget-wrap elementor-element-populated\">\n\t\t\t\t\t\t<div class=\"elementor-element elementor-element-64a2ff5 elementor-widget elementor-widget-google_maps\" data-id=\"64a2ff5\" data-element_type=\"widget\" data-e-type=\"widget\" data-widget_type=\"google_maps.default\">\n\t\t\t\t\t\t\t<div class=\"elementor-custom-embed\">\n\t\t\t<iframe loading=\"lazy\"\n\t\t\t\t\tsrc=\"https:\/\/maps.google.com\/maps?q=ul.%20Kazimierza%20Wielkiego%2058%2032-400%20My%C5%9Blenice%20&t=m&z=13&output=embed&iwloc=near\"\n\t\t\t\t\ttitle=\"ul. Kazimierza Wielkiego 58 32-400 My\u015blenice \"\n\t\t\t\t\taria-label=\"ul. Kazimierza Wielkiego 58 32-400 My\u015blenice \"\n\t\t\t><\/iframe>\n\t\t<\/div>\n\t\t\t\t\t\t<\/div>\n\t\t\t\t\t<\/div>\n\t\t<\/div>\n\t\t\t\t<div class=\"elementor-column elementor-col-50 elementor-inner-column elementor-element elementor-element-85d75a3\" data-id=\"85d75a3\" data-element_type=\"column\" data-e-type=\"column\" data-settings=\"{&quot;background_background&quot;:&quot;classic&quot;}\">\n\t\t\t<div class=\"elementor-widget-wrap elementor-element-populated\">\n\t\t\t\t\t\t<div class=\"elementor-element elementor-element-2a8d2e6 ot-position-left ot-view-default ot-vertical-align-top elementor-widget elementor-widget-ot-iconbox\" data-id=\"2a8d2e6\" data-element_type=\"widget\" data-e-type=\"widget\" data-widget_type=\"ot-iconbox.default\">\n\t\t\t\t<div class=\"elementor-widget-container\">\n\t\t\t\t\t\t\t<div class=\"ot-icon-box box-content\">\r\n\t\t\t\t\t\t<div class=\"ot-icon-box__icon flex-gap\">\r\n\t\t\t\t<i aria-hidden=\"true\" class=\"uil-location-pin-alt\"><\/i>\t        <\/div>\r\n\t        \t        <div class=\"ot-icon-box__content\">\r\n\t        \t<h4 class=\"icon-box-title\">Adres<\/h4>\t\t\t\t<div class=\"icon-box-des\">\n<\/div>\t\t\t\t\t        \t<div class=\"icon-box-btn\">\r\n\t        \t\t<a href=\"https:\/\/maps.app.goo.gl\/xDMHqHLc7pf69Mzv7\" class=\"more hover\">ul. Kazimierza Wielkiego 58 <br> 32-400 My\u015blenice<\/a>\r\n\t        \t<\/div>\r\n\t        \t\t\t\t<\/div>\t\r\n\t    <\/div>\r\n\t    \t\t\t\t<\/div>\n\t\t\t\t<\/div>\n\t\t\t\t<div class=\"elementor-element elementor-element-696b8f5 ot-position-left ot-view-default ot-vertical-align-top elementor-widget elementor-widget-ot-iconbox\" data-id=\"696b8f5\" data-element_type=\"widget\" data-e-type=\"widget\" data-widget_type=\"ot-iconbox.default\">\n\t\t\t\t<div class=\"elementor-widget-container\">\n\t\t\t\t\t\t\t<div class=\"ot-icon-box box-content\">\r\n\t\t\t\t\t\t<div class=\"ot-icon-box__icon flex-gap\">\r\n\t\t\t\t<i aria-hidden=\"true\" class=\"uil-phone-volume\"><\/i>\t        <\/div>\r\n\t        \t        <div class=\"ot-icon-box__content\">\r\n\t        \t<h4 class=\"icon-box-title\">Telefon<\/h4>\t\t\t\t\t\t\t\t\t        \t<div class=\"icon-box-btn\">\r\n\t        \t\t<a href=\"tel:+48787562511\" class=\"more hover\">+48 787 562 511<\/a>\r\n\t        \t<\/div>\r\n\t        \t\t\t\t<\/div>\t\r\n\t    <\/div>\r\n\t    \t\t\t\t<\/div>\n\t\t\t\t<\/div>\n\t\t\t\t<div class=\"elementor-element elementor-element-3ea57d9 ot-position-left ot-view-default ot-vertical-align-top elementor-widget elementor-widget-ot-iconbox\" data-id=\"3ea57d9\" data-element_type=\"widget\" data-e-type=\"widget\" data-widget_type=\"ot-iconbox.default\">\n\t\t\t\t<div class=\"elementor-widget-container\">\n\t\t\t\t\t\t\t<div class=\"ot-icon-box box-content\">\r\n\t\t\t\t\t\t<div class=\"ot-icon-box__icon flex-gap\">\r\n\t\t\t\t<i aria-hidden=\"true\" class=\"uil-envelope\"><\/i>\t        <\/div>\r\n\t        \t        <div class=\"ot-icon-box__content\">\r\n\t        \t<h4 class=\"icon-box-title\">E-mail<\/h4>\t\t\t\t\t\t\t\t\t        \t<div class=\"icon-box-btn\">\r\n\t        \t\t<a href=\"mailto:biuro@kalmo.pl\" target=\"_blank\" class=\"more hover\">biuro@kalmo.pl<\/a>\r\n\t        \t<\/div>\r\n\t        \t\t\t\t<\/div>\t\r\n\t    <\/div>\r\n\t    \t\t\t\t<\/div>\n\t\t\t\t<\/div>\n\t\t\t\t\t<\/div>\n\t\t<\/div>\n\t\t\t\t\t<\/div>\n\t\t<\/section>\n\t\t\t\t\t<\/div>\n\t\t<\/div>\n\t\t\t\t<div class=\"elementor-column elementor-col-33 elementor-top-column elementor-element elementor-element-adbbf2d\" data-id=\"adbbf2d\" data-element_type=\"column\" data-e-type=\"column\">\n\t\t\t<div class=\"elementor-widget-wrap\">\n\t\t\t\t\t\t\t<\/div>\n\t\t<\/div>\n\t\t\t\t\t<\/div>\n\t\t<\/section>\n\t\t\t\t<\/div>","protected":false},"excerpt":{"rendered":"<p>Napisz do nas Adres ul. Kazimierza Wielkiego 58 32-400 My\u015blenice Telefon +48 787 562 511 E-mail biuro@kalmo.pl<\/p>","protected":false},"author":1,"featured_media":0,"parent":0,"menu_order":0,"comment_status":"closed","ping_status":"closed","template":"","meta":{"footnotes":""},"class_list":["post-2415","page","type-page","status-publish","hentry"],"yoast_head":"<!-- This site is optimized with the Yoast SEO plugin v27.6 - https:\/\/yoast.com\/product\/yoast-seo-wordpress\/ -->\n<title>Kontakt<\/title>\n<meta name=\"description\" content=\"Skontaktuj si\u0119 z Kalmo \u2013 Twoim ekspertem w tworzeniu opakowa\u0144, kt\u00f3re sprzedaj\u0105 Tw\u00f3j produkt. Znajd\u017a nas w My\u015blenicach przy ul. Kazimierza Wielkiego 58, zadzwo\u0144 na +48 787 562 511 lub napisz na biuro@kalmo.pl. Oferujemy innowacyjne rozwi\u0105zania w zakresie opakowa\u0144, dostosowane do potrzeb Twojej marki\u200b\" \/>\n<meta name=\"robots\" content=\"index, follow, max-snippet:-1, max-image-preview:large, max-video-preview:-1\" \/>\n<link rel=\"canonical\" href=\"https:\/\/kalmo.pl\/en\/kontakt\/\" \/>\n<meta property=\"og:locale\" content=\"en_GB\" \/>\n<meta property=\"og:type\" content=\"article\" \/>\n<meta property=\"og:title\" content=\"Kontakt\" \/>\n<meta property=\"og:description\" content=\"Skontaktuj si\u0119 z Kalmo \u2013 Twoim ekspertem w tworzeniu opakowa\u0144, kt\u00f3re sprzedaj\u0105 Tw\u00f3j produkt. Znajd\u017a nas w My\u015blenicach przy ul. Kazimierza Wielkiego 58, zadzwo\u0144 na +48 787 562 511 lub napisz na biuro@kalmo.pl. Oferujemy innowacyjne rozwi\u0105zania w zakresie opakowa\u0144, dostosowane do potrzeb Twojej marki\u200b\" \/>\n<meta property=\"og:url\" content=\"https:\/\/kalmo.pl\/en\/kontakt\/\" \/>\n<meta property=\"og:site_name\" content=\"Kalmo\" \/>\n<meta property=\"article:publisher\" content=\"https:\/\/www.facebook.com\/profile.php?id=61554985990341\" \/>\n<meta property=\"article:modified_time\" content=\"2024-06-20T08:13:34+00:00\" \/>\n<meta name=\"twitter:card\" content=\"summary_large_image\" \/>\n<meta name=\"twitter:label1\" content=\"Estimated reading time\" \/>\n\t<meta name=\"twitter:data1\" content=\"1 minute\" \/>\n<script type=\"application\/ld+json\" class=\"yoast-schema-graph\">{\"@context\":\"https:\\\/\\\/schema.org\",\"@graph\":[{\"@type\":\"WebPage\",\"@id\":\"https:\\\/\\\/kalmo.pl\\\/kontakt\\\/\",\"url\":\"https:\\\/\\\/kalmo.pl\\\/kontakt\\\/\",\"name\":\"Kontakt\",\"isPartOf\":{\"@id\":\"https:\\\/\\\/kalmo.pl\\\/#website\"},\"datePublished\":\"2022-09-05T08:12:36+00:00\",\"dateModified\":\"2024-06-20T08:13:34+00:00\",\"description\":\"Skontaktuj si\u0119 z Kalmo \u2013 Twoim ekspertem w tworzeniu opakowa\u0144, kt\u00f3re sprzedaj\u0105 Tw\u00f3j produkt. Znajd\u017a nas w My\u015blenicach przy ul. Kazimierza Wielkiego 58, zadzwo\u0144 na +48 787 562 511 lub napisz na biuro@kalmo.pl. Oferujemy innowacyjne rozwi\u0105zania w zakresie opakowa\u0144, dostosowane do potrzeb Twojej marki\u200b\",\"breadcrumb\":{\"@id\":\"https:\\\/\\\/kalmo.pl\\\/kontakt\\\/#breadcrumb\"},\"inLanguage\":\"en-GB\",\"potentialAction\":[{\"@type\":\"ReadAction\",\"target\":[\"https:\\\/\\\/kalmo.pl\\\/kontakt\\\/\"]}]},{\"@type\":\"BreadcrumbList\",\"@id\":\"https:\\\/\\\/kalmo.pl\\\/kontakt\\\/#breadcrumb\",\"itemListElement\":[{\"@type\":\"ListItem\",\"position\":1,\"name\":\"Strona g\u0142\u00f3wna\",\"item\":\"https:\\\/\\\/kalmo.pl\\\/\"},{\"@type\":\"ListItem\",\"position\":2,\"name\":\"Kontakt\"}]},{\"@type\":\"WebSite\",\"@id\":\"https:\\\/\\\/kalmo.pl\\\/#website\",\"url\":\"https:\\\/\\\/kalmo.pl\\\/\",\"name\":\"Kalmo\",\"description\":\"Producent opakowa\u0144 Rigid box oraz puzzli\",\"publisher\":{\"@id\":\"https:\\\/\\\/kalmo.pl\\\/#organization\"},\"potentialAction\":[{\"@type\":\"SearchAction\",\"target\":{\"@type\":\"EntryPoint\",\"urlTemplate\":\"https:\\\/\\\/kalmo.pl\\\/?s={search_term_string}\"},\"query-input\":{\"@type\":\"PropertyValueSpecification\",\"valueRequired\":true,\"valueName\":\"search_term_string\"}}],\"inLanguage\":\"en-GB\"},{\"@type\":\"Organization\",\"@id\":\"https:\\\/\\\/kalmo.pl\\\/#organization\",\"name\":\"Kalmo\",\"url\":\"https:\\\/\\\/kalmo.pl\\\/\",\"logo\":{\"@type\":\"ImageObject\",\"inLanguage\":\"en-GB\",\"@id\":\"https:\\\/\\\/kalmo.pl\\\/#\\\/schema\\\/logo\\\/image\\\/\",\"url\":\"https:\\\/\\\/kalmo.pl\\\/wp-content\\\/uploads\\\/2024\\\/01\\\/Kalmo-Logo-bez-tla.png\",\"contentUrl\":\"https:\\\/\\\/kalmo.pl\\\/wp-content\\\/uploads\\\/2024\\\/01\\\/Kalmo-Logo-bez-tla.png\",\"width\":622,\"height\":214,\"caption\":\"Kalmo\"},\"image\":{\"@id\":\"https:\\\/\\\/kalmo.pl\\\/#\\\/schema\\\/logo\\\/image\\\/\"},\"sameAs\":[\"https:\\\/\\\/www.facebook.com\\\/profile.php?id=61554985990341\",\"https:\\\/\\\/www.linkedin.com\\\/company\\\/kalmo-boxes-puzzels\",\"https:\\\/\\\/www.instagram.com\\\/kalmo_opakowania_puzzle\"]}]}<\/script>\n<!-- \/ Yoast SEO plugin. -->","yoast_head_json":{"title":"Contact Us","description":"Skontaktuj si\u0119 z Kalmo \u2013 Twoim ekspertem w tworzeniu opakowa\u0144, kt\u00f3re sprzedaj\u0105 Tw\u00f3j produkt. Znajd\u017a nas w My\u015blenicach przy ul. Kazimierza Wielkiego 58, zadzwo\u0144 na +48 787 562 511 lub napisz na biuro@kalmo.pl. Oferujemy innowacyjne rozwi\u0105zania w zakresie opakowa\u0144, dostosowane do potrzeb Twojej marki\u200b","robots":{"index":"index","follow":"follow","max-snippet":"max-snippet:-1","max-image-preview":"max-image-preview:large","max-video-preview":"max-video-preview:-1"},"canonical":"https:\/\/kalmo.pl\/en\/kontakt\/","og_locale":"en_GB","og_type":"article","og_title":"Kontakt","og_description":"Skontaktuj si\u0119 z Kalmo \u2013 Twoim ekspertem w tworzeniu opakowa\u0144, kt\u00f3re sprzedaj\u0105 Tw\u00f3j produkt. Znajd\u017a nas w My\u015blenicach przy ul. Kazimierza Wielkiego 58, zadzwo\u0144 na +48 787 562 511 lub napisz na biuro@kalmo.pl. Oferujemy innowacyjne rozwi\u0105zania w zakresie opakowa\u0144, dostosowane do potrzeb Twojej marki\u200b","og_url":"https:\/\/kalmo.pl\/en\/kontakt\/","og_site_name":"Kalmo","article_publisher":"https:\/\/www.facebook.com\/profile.php?id=61554985990341","article_modified_time":"2024-06-20T08:13:34+00:00","twitter_card":"summary_large_image","twitter_misc":{"Estimated reading time":"1 minute"},"schema":{"@context":"https:\/\/schema.org","@graph":[{"@type":"WebPage","@id":"https:\/\/kalmo.pl\/kontakt\/","url":"https:\/\/kalmo.pl\/kontakt\/","name":"Contact Us","isPartOf":{"@id":"https:\/\/kalmo.pl\/#website"},"datePublished":"2022-09-05T08:12:36+00:00","dateModified":"2024-06-20T08:13:34+00:00","description":"Skontaktuj si\u0119 z Kalmo \u2013 Twoim ekspertem w tworzeniu opakowa\u0144, kt\u00f3re sprzedaj\u0105 Tw\u00f3j produkt. Znajd\u017a nas w My\u015blenicach przy ul. Kazimierza Wielkiego 58, zadzwo\u0144 na +48 787 562 511 lub napisz na biuro@kalmo.pl. Oferujemy innowacyjne rozwi\u0105zania w zakresie opakowa\u0144, dostosowane do potrzeb Twojej marki\u200b","breadcrumb":{"@id":"https:\/\/kalmo.pl\/kontakt\/#breadcrumb"},"inLanguage":"en-GB","potentialAction":[{"@type":"ReadAction","target":["https:\/\/kalmo.pl\/kontakt\/"]}]},{"@type":"BreadcrumbList","@id":"https:\/\/kalmo.pl\/kontakt\/#breadcrumb","itemListElement":[{"@type":"ListItem","position":1,"name":"Strona g\u0142\u00f3wna","item":"https:\/\/kalmo.pl\/"},{"@type":"ListItem","position":2,"name":"Kontakt"}]},{"@type":"WebSite","@id":"https:\/\/kalmo.pl\/#website","url":"https:\/\/kalmo.pl\/","name":"Kalmo","description":"Producent opakowa\u0144 Rigid box oraz puzzli","publisher":{"@id":"https:\/\/kalmo.pl\/#organization"},"potentialAction":[{"@type":"SearchAction","target":{"@type":"EntryPoint","urlTemplate":"https:\/\/kalmo.pl\/?s={search_term_string}"},"query-input":{"@type":"PropertyValueSpecification","valueRequired":true,"valueName":"search_term_string"}}],"inLanguage":"en-GB"},{"@type":"Organization","@id":"https:\/\/kalmo.pl\/#organization","name":"Kalmo","url":"https:\/\/kalmo.pl\/","logo":{"@type":"ImageObject","inLanguage":"en-GB","@id":"https:\/\/kalmo.pl\/#\/schema\/logo\/image\/","url":"https:\/\/kalmo.pl\/wp-content\/uploads\/2024\/01\/Kalmo-Logo-bez-tla.png","contentUrl":"https:\/\/kalmo.pl\/wp-content\/uploads\/2024\/01\/Kalmo-Logo-bez-tla.png","width":622,"height":214,"caption":"Kalmo"},"image":{"@id":"https:\/\/kalmo.pl\/#\/schema\/logo\/image\/"},"sameAs":["https:\/\/www.facebook.com\/profile.php?id=61554985990341","https:\/\/www.linkedin.com\/company\/kalmo-boxes-puzzels","https:\/\/www.instagram.com\/kalmo_opakowania_puzzle"]}]}},"_links":{"self":[{"href":"https:\/\/kalmo.pl\/en\/wp-json\/wp\/v2\/pages\/2415","targetHints":{"allow":["GET"]}}],"collection":[{"href":"https:\/\/kalmo.pl\/en\/wp-json\/wp\/v2\/pages"}],"about":[{"href":"https:\/\/kalmo.pl\/en\/wp-json\/wp\/v2\/types\/page"}],"author":[{"embeddable":true,"href":"https:\/\/kalmo.pl\/en\/wp-json\/wp\/v2\/users\/1"}],"replies":[{"embeddable":true,"href":"https:\/\/kalmo.pl\/en\/wp-json\/wp\/v2\/comments?post=2415"}],"version-history":[{"count":57,"href":"https:\/\/kalmo.pl\/en\/wp-json\/wp\/v2\/pages\/2415\/revisions"}],"predecessor-version":[{"id":16820,"href":"https:\/\/kalmo.pl\/en\/wp-json\/wp\/v2\/pages\/2415\/revisions\/16820"}],"wp:attachment":[{"href":"https:\/\/kalmo.pl\/en\/wp-json\/wp\/v2\/media?parent=2415"}],"curies":[{"name":"wp","href":"https:\/\/api.w.org\/{rel}","templated":true}]}}